{"id":23,"date":"2021-08-28T08:11:00","date_gmt":"2021-08-28T06:11:00","guid":{"rendered":"http:\/\/leblanchot-lessaisies.fr\/index\/?page_id=23"},"modified":"2022-07-20T21:16:00","modified_gmt":"2022-07-20T19:16:00","slug":"accueil","status":"publish","type":"page","link":"https:\/\/leblanchot-lessaisies.fr\/index\/","title":{"rendered":"Accueil"},"content":{"rendered":"\n<p>D&rsquo;origine Savoyarde, amoureux de la Savoie et de la montagne, nous souhaitons vous faire d\u00e9couvrir notre belle r\u00e9gion en vous proposant notre G\u00eete le Blanchot.  Location de vacances id\u00e9ale pour passer un agr\u00e9able s\u00e9jour \u00e0 la montagne. Ce g\u00eete est situ\u00e9 dans la r\u00e9sidence Isabella B au coeur de la station des Saisies. <\/p>\n\n\n\n<p>Cet appartement de vacances est tr\u00e8s bien am\u00e9nag\u00e9 et nous l&rsquo;avons \u00e9quip\u00e9 au mieux. Vous retrouverez tout le d\u00e9tail dans l&rsquo;onglet \u00ab\u00a0Descriptif de l&rsquo;appartement\u00a0\u00bb. <\/p>\n\n\n\n<p>Nous accueillons personnellement les vacanciers du samedi au samedi.<\/p>\n\n\n\n<p>Visitez notre site internet afin de le d\u00e9couvrir dans le d\u00e9tail et n&rsquo;h\u00e9sitez pas \u00e0 nous contacter pour plus d&rsquo;informations. <\/p>\n\n\n\n<p><\/p>\n","protected":false},"excerpt":{"rendered":"<p>D&rsquo;origine Savoyarde, amoureux de la Savoie et de la montagne, nous souhaitons vous faire d\u00e9couvrir notre belle r\u00e9gion en vous proposant notre G\u00eete le Blanchot. Location de vacances id\u00e9ale pour passer un agr\u00e9able s\u00e9jour \u00e0 la montagne. Ce g\u00eete est situ\u00e9 dans la r\u00e9sidence Isabella B au coeur de la station des Saisies. Cet appartement &hellip; <\/p>\n<p class=\"link-more\"><a href=\"https:\/\/leblanchot-lessaisies.fr\/index\/\" class=\"more-link\">Continuer la lecture<span class=\"screen-reader-text\"> de &laquo;&nbsp;Accueil&nbsp;&raquo;<\/span><\/a><\/p>\n","protected":false},"author":1,"featured_media":0,"parent":0,"menu_order":0,"comment_status":"closed","ping_status":"closed","template":"","meta":{"footnotes":""},"class_list":["post-23","page","type-page","status-publish","hentry"],"_links":{"self":[{"href":"https:\/\/leblanchot-lessaisies.fr\/index\/wp-json\/wp\/v2\/pages\/23","targetHints":{"allow":["GET"]}}],"collection":[{"href":"https:\/\/leblanchot-lessaisies.fr\/index\/wp-json\/wp\/v2\/pages"}],"about":[{"href":"https:\/\/leblanchot-lessaisies.fr\/index\/wp-json\/wp\/v2\/types\/page"}],"author":[{"embeddable":true,"href":"https:\/\/leblanchot-lessaisies.fr\/index\/wp-json\/wp\/v2\/users\/1"}],"replies":[{"embeddable":true,"href":"https:\/\/leblanchot-lessaisies.fr\/index\/wp-json\/wp\/v2\/comments?post=23"}],"version-history":[{"count":9,"href":"https:\/\/leblanchot-lessaisies.fr\/index\/wp-json\/wp\/v2\/pages\/23\/revisions"}],"predecessor-version":[{"id":353,"href":"https:\/\/leblanchot-lessaisies.fr\/index\/wp-json\/wp\/v2\/pages\/23\/revisions\/353"}],"wp:attachment":[{"href":"https:\/\/leblanchot-lessaisies.fr\/index\/wp-json\/wp\/v2\/media?parent=23"}],"curies":[{"name":"wp","href":"https:\/\/api.w.org\/{rel}","templated":true}]}}