{"id":252,"date":"2022-01-30T21:15:21","date_gmt":"2022-01-30T20:15:21","guid":{"rendered":"https:\/\/leblanchot-lessaisies.fr\/index\/?page_id=252"},"modified":"2022-02-27T22:00:33","modified_gmt":"2022-02-27T21:00:33","slug":"les-activites","status":"publish","type":"page","link":"https:\/\/leblanchot-lessaisies.fr\/index\/les-activites\/","title":{"rendered":"Les activit\u00e9s"},"content":{"rendered":"\n<p class=\"has-medium-font-size\"><strong>LES ACTIVITES POUR CET ETE<\/strong><\/p>\n\n\n\n<figure class=\"wp-block-embed is-type-video is-provider-youtube wp-block-embed-youtube wp-embed-aspect-16-9 wp-has-aspect-ratio\"><div class=\"wp-block-embed__wrapper\">\n<iframe loading=\"lazy\" title=\"Rendez-vous cet \u00e9t\u00e9 pour un Grand Break aux Saisies !\" width=\"525\" height=\"295\" src=\"https:\/\/www.youtube.com\/embed\/XlG0C1MqI1Q?feature=oembed\" frameborder=\"0\" allow=\"accelerometer; autoplay; clipboard-write; encrypted-media; gyroscope; picture-in-picture; web-share\" referrerpolicy=\"strict-origin-when-cross-origin\" allowfullscreen><\/iframe>\n<\/div><\/figure>\n\n\n\n<p class=\"has-medium-font-size\"><strong>LE MOUNTAIN TWISTER<\/strong><\/p>\n\n\n\n<figure class=\"wp-block-embed is-type-rich is-provider-prise-en-charge-des-contenus-embarques wp-block-embed-prise-en-charge-des-contenus-embarques wp-embed-aspect-16-9 wp-has-aspect-ratio\"><div class=\"wp-block-embed__wrapper\">\n<iframe loading=\"lazy\" title=\"Mountain Twister aux Saisies\" width=\"525\" height=\"295\" src=\"https:\/\/www.youtube.com\/embed\/WKsmrN4UorM?feature=oembed\" frameborder=\"0\" allow=\"accelerometer; autoplay; clipboard-write; encrypted-media; gyroscope; picture-in-picture; web-share\" referrerpolicy=\"strict-origin-when-cross-origin\" allowfullscreen><\/iframe>\n<\/div><figcaption>Mountain Twitter aux Saisies<\/figcaption><\/figure>\n\n\n\n<p>Ambiance \u00ab\u00a0Space Mountain\u00a0\u00bb aux Saisies gr\u00e2ce \u00e0 cette luge \u00ab\u00a0toute saison\u00a0\u00bb, mont\u00e9e sur rails. Une attraction source de sensations fortes sur pr\u00e8s de 800 m\u00e8tres de long avec des passages jusqu&rsquo;\u00e0 8 m\u00e8tres au-dessus du sol.<\/p>\n\n\n\n<p>Mont\u00e9es d&rsquo;adr\u00e9naline garanties gr\u00e2ce \u00e0 de fortes acc\u00e9l\u00e9rations, des virages relev\u00e9s, des vrilles de 360 \u00e0 540\u00b0, des s\u00e9ries de vagues&#8230;Pour les moins t\u00e9m\u00e9raires, pas de panique, il existe un syst\u00e8me de freinage pour r\u00e9guler sa vitesse ! Attraction garantie en toute s\u00e9curit\u00e9&nbsp;<strong><em>d\u00e8s 3 ans<\/em><\/strong>. Les enfants de moins de 8 ans doivent \u00eatre accompagn\u00e9s d&rsquo;une personne de plus d&rsquo;1.40 m.<\/p>\n\n\n\n<p class=\"has-medium-font-size\"><strong>LA MOTO NEIGE<\/strong><\/p>\n\n\n\n<figure class=\"wp-block-embed is-type-rich is-provider-prise-en-charge-des-contenus-embarques wp-block-embed-prise-en-charge-des-contenus-embarques wp-embed-aspect-4-3 wp-has-aspect-ratio\"><div class=\"wp-block-embed__wrapper\">\n<iframe loading=\"lazy\" title=\"Randonn\u00e9e motoneige sur les Saisies avec Les Volatiles. Balade motoneige.\" width=\"525\" height=\"394\" src=\"https:\/\/www.youtube.com\/embed\/S01N27mlhLM?feature=oembed\" frameborder=\"0\" allow=\"accelerometer; autoplay; clipboard-write; encrypted-media; gyroscope; picture-in-picture; web-share\" referrerpolicy=\"strict-origin-when-cross-origin\" allowfullscreen><\/iframe>\n<\/div><figcaption>Moto neige les Volatiles<\/figcaption><\/figure>\n\n\n\n<p>Les volatiles sport 2000 Les Saisies vous proposent tous les soirs le top des&nbsp;<strong>randonn\u00e9es moto neige<\/strong>&nbsp;en&nbsp;<strong>Savoie<\/strong>&nbsp;et&nbsp;<strong>Haute Savoie<\/strong>. Sp\u00e9cialiste des&nbsp;<strong>activites&nbsp;<\/strong>&nbsp;proche d\u2019<strong>Annecy<\/strong>,&nbsp;<strong>Megeve<\/strong>,&nbsp;<strong>La Clusaz&nbsp;<\/strong>vous ne pourrez qu etre s\u00e9duit par nos&nbsp;<strong>prestations motoneige.&nbsp;<\/strong><\/p>\n\n\n\n<p>Notre parcours&nbsp;<strong>motoneige<\/strong>&nbsp;homologue procure sensations, vitesse.&nbsp;<\/p>\n\n\n\n<p>Quatre balades motoneige pour pouvoir s\u2019adapter \u00e0 votre niveau.<\/p>\n\n\n\n<p class=\"has-medium-font-size\"><strong>LE SIGNAL : centre aquasportif des Saisies<\/strong><\/p>\n\n\n\n<figure class=\"wp-block-embed is-type-rich is-provider-prise-en-charge-des-contenus-embarques wp-block-embed-prise-en-charge-des-contenus-embarques wp-embed-aspect-16-9 wp-has-aspect-ratio\"><div class=\"wp-block-embed__wrapper\">\n<iframe loading=\"lazy\" title=\"Le Signal, centre aquasportif des Saisies\" width=\"525\" height=\"295\" src=\"https:\/\/www.youtube.com\/embed\/x_syUEed_0M?feature=oembed\" frameborder=\"0\" allow=\"accelerometer; autoplay; clipboard-write; encrypted-media; gyroscope; picture-in-picture; web-share\" referrerpolicy=\"strict-origin-when-cross-origin\" allowfullscreen><\/iframe>\n<\/div><figcaption>Le Signal<\/figcaption><\/figure>\n\n\n\n<p>Espace aqualudique :<\/p>\n\n\n\n<p>Un espace pour toute la famille d\u00e9di\u00e9 aux plaisirs de l\u2019eau avec banquette \u00e0 bulles, jeysers, rivi\u00e8re, cols de cygne, nage \u00e0 contre-courant, &nbsp;pataugeoire pour les touts-petits \u2026&nbsp;<\/p>\n\n\n\n<p>Un programme d\u2019activit\u00e9s aquatiques pour s\u2019entretenir, se d\u00e9penser, apprendre ou progresser : cours d\u2019aquagym, d&rsquo;aquatonic, d&rsquo;aquatraining et&nbsp;d\u2019aquabike\u2026<\/p>\n\n\n\n<p>Espace Bien \u00eatre :<\/p>\n\n\n\n<p>Se relaxer, se d\u00e9tendre, se reposer, s\u2019apaiser, \u00e9liminer stress et toxines\u2026&nbsp; Un cadre harmonieux conjuguant \u00e9l\u00e9gance, &#8230;<\/p>\n\n\n\n<p>Laissez-vous transporter dans une exp\u00e9rience sensorielle unique propos\u00e9e par notre \u00e9quipe de Professionnelles de la beaut\u00e9 et de la &#8230;<\/p>\n\n\n\n<p>Sport :<\/p>\n\n\n\n<p>Une salle multisports de 800 m2 pouvant accueillir football, basketball, handball et volleyball. &nbsp; &#8230;<\/p>\n\n\n\n<p>Une salle multisports de 800 m2 pouvant accueillir badminton, tennis de table ainsi que des&nbsp;courts&nbsp;de squash pour des matchs au sommet &#8230;<\/p>\n\n\n\n<p>Un \u00e9quipement complet et de tr\u00e8s haute technicit\u00e9 avec des appareils de musculation et de cardio-training : charges libres et charges guid\u00e9es, tapis de course, elliptiques, v\u00e9los, rameurs, swiss ball\u2026&#8230;<\/p>\n\n\n\n<p>Pour s&rsquo;initier ou s&rsquo;entrainer \u00e0 l&rsquo;escalade,&nbsp;un mur de 7 m de haut et 17 m de long comprenant 10 voies. &nbsp; &#8230;<\/p>\n\n\n\n<p>UNIQUE EN FRANCE &#8211; SALLE HYPOXIQUE<\/p>\n\n\n\n<p>NOUVEAU | Booster ses globules !<\/p>\n\n\n\n<p>Restaurant &#8211; Bar &#8211; Bowling&nbsp;<\/p>\n","protected":false},"excerpt":{"rendered":"<p>LES ACTIVITES POUR CET ETE LE MOUNTAIN TWISTER Ambiance \u00ab\u00a0Space Mountain\u00a0\u00bb aux Saisies gr\u00e2ce \u00e0 cette luge \u00ab\u00a0toute saison\u00a0\u00bb, mont\u00e9e sur rails. Une attraction source de sensations fortes sur pr\u00e8s de 800 m\u00e8tres de long avec des passages jusqu&rsquo;\u00e0 8 m\u00e8tres au-dessus du sol. Mont\u00e9es d&rsquo;adr\u00e9naline garanties gr\u00e2ce \u00e0 de fortes acc\u00e9l\u00e9rations, des virages relev\u00e9s, &hellip; <\/p>\n<p class=\"link-more\"><a href=\"https:\/\/leblanchot-lessaisies.fr\/index\/les-activites\/\" class=\"more-link\">Continuer la lecture<span class=\"screen-reader-text\"> de &laquo;&nbsp;Les activit\u00e9s&nbsp;&raquo;<\/span><\/a><\/p>\n","protected":false},"author":1,"featured_media":0,"parent":0,"menu_order":0,"comment_status":"closed","ping_status":"closed","template":"","meta":{"footnotes":""},"class_list":["post-252","page","type-page","status-publish","hentry"],"_links":{"self":[{"href":"https:\/\/leblanchot-lessaisies.fr\/index\/wp-json\/wp\/v2\/pages\/252","targetHints":{"allow":["GET"]}}],"collection":[{"href":"https:\/\/leblanchot-lessaisies.fr\/index\/wp-json\/wp\/v2\/pages"}],"about":[{"href":"https:\/\/leblanchot-lessaisies.fr\/index\/wp-json\/wp\/v2\/types\/page"}],"author":[{"embeddable":true,"href":"https:\/\/leblanchot-lessaisies.fr\/index\/wp-json\/wp\/v2\/users\/1"}],"replies":[{"embeddable":true,"href":"https:\/\/leblanchot-lessaisies.fr\/index\/wp-json\/wp\/v2\/comments?post=252"}],"version-history":[{"count":5,"href":"https:\/\/leblanchot-lessaisies.fr\/index\/wp-json\/wp\/v2\/pages\/252\/revisions"}],"predecessor-version":[{"id":310,"href":"https:\/\/leblanchot-lessaisies.fr\/index\/wp-json\/wp\/v2\/pages\/252\/revisions\/310"}],"wp:attachment":[{"href":"https:\/\/leblanchot-lessaisies.fr\/index\/wp-json\/wp\/v2\/media?parent=252"}],"curies":[{"name":"wp","href":"https:\/\/api.w.org\/{rel}","templated":true}]}}