{"id":295,"date":"2022-02-27T16:54:55","date_gmt":"2022-02-27T15:54:55","guid":{"rendered":"https:\/\/leblanchot-lessaisies.fr\/index\/?page_id=295"},"modified":"2022-02-27T16:57:15","modified_gmt":"2022-02-27T15:57:15","slug":"condition-generale-de-location-du-meuble","status":"publish","type":"page","link":"https:\/\/leblanchot-lessaisies.fr\/index\/condition-generale-de-location-du-meuble\/","title":{"rendered":"Conditions G\u00e9n\u00e9rales de Location du meubl\u00e9"},"content":{"rendered":"\n<p>1) Dispositions G\u00e9n\u00e9rales : Les locataires ne pourront en aucun cas se pr\u00e9valoir d&rsquo;un quelconque droit de&nbsp; maintien dans les lieux \u00e0 l&rsquo;expiration de la p\u00e9riode initialement pr\u00e9vue dans le pr\u00e9sent contrat.<\/p>\n\n\n\n<p>2) Utilisation des lieux : Les locataires jouiront de la location d&rsquo;une mani\u00e8re paisible et en feront un bon usage, conform\u00e9ment \u00e0 la destination des lieux.<strong> A leur d\u00e9part, les locataires s&rsquo;engagent \u00e0 rendre le meubl\u00e9 en parfait \u00e9tat de propret\u00e9. <\/strong>La location ne peut en aucun cas b\u00e9n\u00e9ficier \u00e0 des tiers. Le propri\u00e9taire fournira le logement conforme \u00e0 la description qu&rsquo;il en a faite et le maintiendra en \u00e9tat de servir. Les locataires doivent fermer les locaux \u00e0 cl\u00e9 afin de se pr\u00e9munir d&rsquo;\u00e9ventuels vols et d\u00e9gradations des lieux, ils doivent respecter les consignes concernant les parties communes et dans l&rsquo;appartement avec les chaussures de skis et\/ou les skis. Interdiction de mettre les skis sur le balcon, de mettre des v\u00e9los dans le local \u00e0 skis, dans les parties communes et sur le balcon, de d\u00e9poser des objets dangereux ou qui risquent de s&rsquo;envoler sur le balcon. L&rsquo;usage de barbecue \u00e0 bois est interdit sur le balcon l&rsquo;\u00e9t\u00e9. Aucun animal ne doit \u00eatre laiss\u00e9 seul sur le balcon.&nbsp;<\/p>\n\n\n\n<p>3) D\u00e9p\u00f4t de Garantie et caution : Le montant du d\u00e9p\u00f4t de garantie sera au maximun \u00e9quivalent \u00e0 celui de la location sans pouvoir exc\u00e9der un mois. Il se monte&nbsp; en g\u00e9n\u00e9ral entre 280 et 500 euros. En r\u00e9gle g\u00e9n\u00e9rale, il sera restitu\u00e9 aux locataires \u00e0 leur d\u00e9part, apr\u00e9s \u00e9tat des lieux ou dans les 15 (quinze) jours qui suivront leur d\u00e9part. En cas de perte et ou d\u00e9gradations et ou casse des \u00e9l\u00e9ments du meubl\u00e9 et des \u00e9quipements mis \u00e0 disposition occasionn\u00e9 par les locataires, le montant de ce d\u00e9pot sera minor\u00e9 du co\u00fbt de remise en \u00e9tat ou des frais de remplacement .<\/p>\n\n\n\n<p><strong>Si le cautionnement est insuffisant, les locataires s&rsquo;engagent \u00e0 parfaire la somme apr\u00e8s inventaire de sortie<\/strong><\/p>\n\n\n\n<p>4) Nombre d&rsquo;occupants : Au cas o\u00f9 le nombre de personnes accept\u00e9es qui est mentionn\u00e9 dans le contrat serait d\u00e9pass\u00e9, les locataires devront verser un compl\u00e9ment de loyer compte tenu des charges suppl\u00e9mentaires impos\u00e9es par la modification de l&rsquo;occupation. Suppl\u00e9ment au prorata du nombre de personnes et du prix de la semaine.<\/p>\n\n\n\n<p>5) Animaux : Si les animaux, m\u00eames familiers, ne sont pas admis, leur pr\u00e9sence entrainerait la rupture imm\u00e9diate du contrat sans aucun remboursement des sommes vers\u00e9es (acompte et solde du loyer). Si les animaux sont autoris\u00e9s, les locataires s&rsquo;engagent \u00e0 ce qu&rsquo;ils ne fassent aucun bruit susceptible de g\u00eaner le voisinage, et si des d\u00e9gradations ou des salissures \u00e9taient constat\u00e9es, les locataires s&rsquo;engagent \u00e0 rembourser la remise en \u00e9tat de l&rsquo;appartement et le remplacement des meubles, objets ou \u00e9quipements d\u00e9grad\u00e9s. Dans tous les cas, les r\u00e9gles d&rsquo;hygi\u00e9ne doivent imp\u00e9rativement \u00eatre respect\u00e9es. <strong>Les locataires s&rsquo;engagent \u00e0 ne pas laisser les animaux seuls dans l&rsquo;appartement<\/strong>.<\/p>\n\n\n\n<p>6) Etat des lieux et inventaire : L&rsquo;\u00e9tat des lieux et inventaire du mobilier et des divers \u00e9quipements seront faits au d\u00e9but et \u00e0 la fin du s\u00e9jour par le propri\u00e9taire ou son repr\u00e9sentant et les locataires.<\/p>\n\n\n\n<p>7) Paiement : La r\u00e9servation deviendra effective d\u00e8s lors que les locataires auront retourn\u00e9 un exemplaire du pr\u00e9sent contrat avant la date indiqu\u00e9e au recto, accompagn\u00e9 de l&rsquo;acompte et de l&rsquo;imprim\u00e9 relatif \u00e0 la taxe de s\u00e9jour. Le solde de la location et le montant de la taxe de s\u00e9jour seront vers\u00e9s 30 jours avant suivant le mode de paiement indiqu\u00e9 au recto. Les cl\u00e9s seront remises \u00e0 l&rsquo;entr\u00e9e dans les lieux par le propri\u00e9taire ou son repr\u00e9sentant, le montant de la caution devra \u00eatre vers\u00e9 \u00e0 l&rsquo;arriv\u00e9e. Si les locataires retardent leur arriv\u00e9e, ils doivent en aviser au pr\u00e9alable le propri\u00e9taire et son repr\u00e9sentant sur place.<\/p>\n\n\n\n<p>8) Interruption du S\u00e9jour : En cas d&rsquo;interruption anticip\u00e9e du s\u00e9jour par les locataires, et si la responsabilit\u00e9 du propri\u00e9taire n&rsquo;est pas mise en cause, il ne sera proc\u00e9d\u00e9 \u00e0 aucun remboursement , hormis le d\u00e9p\u00f4t de garantie dans les conditions indiqu\u00e9es ci-dessus (cf3).<\/p>\n\n\n\n<p>9) Conditions d&rsquo;annulations :&nbsp; Toute annulation du fait des locataires doit \u00eatre notifi\u00e9 par lettre recommand\u00e9e. Tout contentieux sera r\u00e9gl\u00e9 devant les tribunaux comp\u00e9tents.<\/p>\n\n\n\n<p>a) <strong>Plus de 90 jours avant le d\u00e9but de la location :<\/strong> acompte rembours\u00e9 moins r\u00e9duction de 8 \u20ac pour frais de dossier et frais postaux.<\/p>\n\n\n\n<p>b) <strong>Entre 90 jours et 30 jours avant le d\u00e9but de la location :<\/strong> l&rsquo;acompte reste acquis au propri\u00e9taire.<\/p>\n\n\n\n<p>En cas d&rsquo;accident grave, de d\u00e9c\u00e8s, d&rsquo;hospitalisation d&rsquo;un des locataires ou membre proche de sa famille ( conjoint, enfants, ascedants), l&rsquo;acompte pourra \u00eatre rembours\u00e9 sur pr\u00e9sentation d&rsquo;un certificat d&rsquo;hospitalisation, de d\u00e9c\u00e8s et\/ou photocopie de la d\u00e9claration d&rsquo;accident, d\u00e9duction faite de 10 \u20ac pour frais de dossier et frais postaux, si l&rsquo;appartement a pu \u00eatre relou\u00e9 pour la m\u00eame p\u00e9riode et au m\u00eame prix.<\/p>\n\n\n\n<p>c) <strong>Moins de 30 jours avant le d\u00e9but de la location <\/strong>: L&rsquo;acompte reste acquis au propri\u00e9taire et le solde est \u00e0 verser.<\/p>\n\n\n\n<p>En cas d&rsquo;accident grave, de d\u00e9c\u00e8s, d&rsquo;hospitalisation d&rsquo;un des locataires ou membre proche de sa famille (conjoint, enfants), l&rsquo;acompte reste acquis au propri\u00e9taire mais le solde n&rsquo;est pas \u00e0 verser si le locataire pr\u00e9sente un certificat m\u00e9dical d&rsquo;hospitalisation, de d\u00e9c\u00e8s et\/ou photocopie de la d\u00e9claration d&rsquo;accident avec la lettre recommand\u00e9e d&rsquo;annulation et seulement si l&rsquo;appartement&nbsp; a pu \u00eatre relou\u00e9 pour la m\u00eame p\u00e9riode et au m\u00eame prix.<\/p>\n\n\n\n<p>d) <strong>Si le locataire ne s&rsquo;est pas pr\u00e9sent\u00e9 le jour mentionn\u00e9 sur le contrat<\/strong>, pass\u00e9 un d\u00e9lai de 24 heures et sans avis notifi\u00e9 au propri\u00e9taire, le pr\u00e9sent contrat est consid\u00e9r\u00e9 comme r\u00e9sili\u00e9, l&rsquo;acompte reste acquis au propri\u00e9taire et le solde doit \u00eatre vers\u00e9 comme si les locataires occupaient les lieux.<\/p>\n\n\n\n<p>e)<strong> En cas d&rsquo;annulation de la location par le propri\u00e9taire<\/strong> plus de 90 jours avant le d\u00e9but de la location : il remboursera au locataire le montant de l&rsquo;acompte re\u00e7u et le mettra en contact avec d&rsquo;autres propri\u00e9taires selon les disponibilit\u00e9s du moment, ou lui fera une offre pour une autre p\u00e9riode. Le propri\u00e9taire aura une attitude beinveillante, fera dans tous les cas une offre int\u00e9ressante avec reduction du prix de 10% sur la nouvelle semaine propos\u00e9e. En aucun cas le locataire ne peut se pr\u00e9valoir d&rsquo;un autre remboursement ou d&rsquo;une quelconque indemnisation.<\/p>\n\n\n\n<p><strong>Entre 90 jours et 30 jours avant le d\u00e9but de la location<\/strong>, le propri\u00e9taire remboursera le double de l&rsquo;acompte vers\u00e9 sauf cas de risques naturels ou accidentels majeurs ( ex: s\u00e9isme, cyclone, incendie entrainant la destruction partielle ou totale de l&rsquo;appartement o\u00f9 il ne remboursera que le montant r\u00e9el de l&rsquo;acompte.<\/p>\n\n\n\n<p><strong>A moins de 30 jours du d\u00e9but de la location<\/strong>, le propri\u00e9taire est tenu de louer les lieux sauf cas de risques naturels ou accidentels majeurs \u00e9voqu\u00e9s ci-dessus. Dans ce dernier cas, l&rsquo;acompte est rembours\u00e9.<\/p>\n\n\n\n<p>10) Assurances : Le locataire est tenu d&rsquo;assurer le local qui lui est confi\u00e9 ou lou\u00e9 : risques locatifs. Il doit donc v\u00e9rifier si son contrat d&rsquo;assurance habitation principale pr\u00e9voit l&rsquo;extension vill\u00e9giature (location de vacances) et fournir une attestation au propri\u00e9taire en m\u00eame temps que le solde. Si le locataire n&rsquo;a pas cette extension vill\u00e9giature, il doit prendre une assurance ponctuelle pour la p\u00e9riode donn\u00e9e de la location et fournir une attestation d&rsquo;assurance dans les m\u00eames conditions que pr\u00e9c\u00e9demment. Habituellement les contrats d&rsquo;assurance r\u00e9sidence principale ont tous cette extension vill\u00e9giature.<\/p>\n\n\n\n<p>En cas de litige et\/ou \u00e0 defaut d&rsquo;accord entre les deux parties, il est fait attribution exclusive de comp\u00e9tence aux tribunaux du lieu o\u00f9 se trouve le meubl\u00e9 saisonnier lou\u00e9.<\/p>\n","protected":false},"excerpt":{"rendered":"<p>1) Dispositions G\u00e9n\u00e9rales : Les locataires ne pourront en aucun cas se pr\u00e9valoir d&rsquo;un quelconque droit de&nbsp; maintien dans les lieux \u00e0 l&rsquo;expiration de la p\u00e9riode initialement pr\u00e9vue dans le pr\u00e9sent contrat. 2) Utilisation des lieux : Les locataires jouiront de la location d&rsquo;une mani\u00e8re paisible et en feront un bon usage, conform\u00e9ment \u00e0 la &hellip; <\/p>\n<p class=\"link-more\"><a href=\"https:\/\/leblanchot-lessaisies.fr\/index\/condition-generale-de-location-du-meuble\/\" class=\"more-link\">Continuer la lecture<span class=\"screen-reader-text\"> de &laquo;&nbsp;Conditions G\u00e9n\u00e9rales de Location du meubl\u00e9&nbsp;&raquo;<\/span><\/a><\/p>\n","protected":false},"author":1,"featured_media":0,"parent":0,"menu_order":0,"comment_status":"closed","ping_status":"closed","template":"","meta":{"footnotes":""},"class_list":["post-295","page","type-page","status-publish","hentry"],"_links":{"self":[{"href":"https:\/\/leblanchot-lessaisies.fr\/index\/wp-json\/wp\/v2\/pages\/295","targetHints":{"allow":["GET"]}}],"collection":[{"href":"https:\/\/leblanchot-lessaisies.fr\/index\/wp-json\/wp\/v2\/pages"}],"about":[{"href":"https:\/\/leblanchot-lessaisies.fr\/index\/wp-json\/wp\/v2\/types\/page"}],"author":[{"embeddable":true,"href":"https:\/\/leblanchot-lessaisies.fr\/index\/wp-json\/wp\/v2\/users\/1"}],"replies":[{"embeddable":true,"href":"https:\/\/leblanchot-lessaisies.fr\/index\/wp-json\/wp\/v2\/comments?post=295"}],"version-history":[{"count":2,"href":"https:\/\/leblanchot-lessaisies.fr\/index\/wp-json\/wp\/v2\/pages\/295\/revisions"}],"predecessor-version":[{"id":298,"href":"https:\/\/leblanchot-lessaisies.fr\/index\/wp-json\/wp\/v2\/pages\/295\/revisions\/298"}],"wp:attachment":[{"href":"https:\/\/leblanchot-lessaisies.fr\/index\/wp-json\/wp\/v2\/media?parent=295"}],"curies":[{"name":"wp","href":"https:\/\/api.w.org\/{rel}","templated":true}]}}