{"id":72,"date":"2021-08-28T15:34:38","date_gmt":"2021-08-28T13:34:38","guid":{"rendered":"http:\/\/leblanchot-lessaisies.fr\/index\/?page_id=72"},"modified":"2026-01-09T21:48:05","modified_gmt":"2026-01-09T20:48:05","slug":"descriptif-de-lappartement","status":"publish","type":"page","link":"https:\/\/leblanchot-lessaisies.fr\/index\/descriptif-de-lappartement\/","title":{"rendered":"Descriptif de l&rsquo;appartement"},"content":{"rendered":"\n<p>Situ\u00e9 au coeur de la station des Saisies, cet appartement vous offrira une belle vue sur les massifs gr\u00e2ce \u00e0 son balcon filant expos\u00e9 plein sud. <\/p>\n\n\n\n<p>L\u2019appartement se situe au 1er \u00e9tage de la r\u00e9sidence Isabella B \u00e0 50m des commerces, en face des \u00e9coles de ski ESF et ESI et des caisses de forfaits.<\/p>\n\n\n\n<p>Vous serez \u00e0 proximit\u00e9 des pistes de ski l\u2019hiver et au d\u00e9part des sentiers de randonn\u00e9e l\u2019\u00e9t\u00e9.<\/p>\n\n\n\n<p>Vous appr\u00e9cierez ce bel appartement chaleureux et de style montagnard, enti\u00e8rement \u00e9quip\u00e9 pour 4\/5 personnes, qui pr\u00e9sente tous les atouts pour passer un agr\u00e9able s\u00e9jour en famille.<\/p>\n\n\n\n<p style=\"font-size:35px\"><strong><em>CUISINE<\/em><\/strong><\/p>\n\n\n\n<div class=\"wp-block-media-text alignwide is-stacked-on-mobile is-image-fill-element\"><figure class=\"wp-block-media-text__media\"><img loading=\"lazy\" decoding=\"async\" width=\"768\" height=\"1024\" src=\"http:\/\/leblanchot-lessaisies.fr\/index\/wp-content\/uploads\/2021\/08\/cuisine-768x1024.jpg\" alt=\"\" class=\"wp-image-42 size-full\" style=\"object-position:80% 45%\" srcset=\"https:\/\/leblanchot-lessaisies.fr\/index\/wp-content\/uploads\/2021\/08\/cuisine-768x1024.jpg 768w, https:\/\/leblanchot-lessaisies.fr\/index\/wp-content\/uploads\/2021\/08\/cuisine-225x300.jpg 225w, https:\/\/leblanchot-lessaisies.fr\/index\/wp-content\/uploads\/2021\/08\/cuisine-1152x1536.jpg 1152w, https:\/\/leblanchot-lessaisies.fr\/index\/wp-content\/uploads\/2021\/08\/cuisine-1536x2048.jpg 1536w, https:\/\/leblanchot-lessaisies.fr\/index\/wp-content\/uploads\/2021\/08\/cuisine-scaled.jpg 1920w\" sizes=\"auto, (max-width: 767px) 89vw, (max-width: 1000px) 54vw, (max-width: 1071px) 543px, 580px\" \/><\/figure><div class=\"wp-block-media-text__content\">\n<p>&nbsp;-Plaque vitroc\u00e9ramique<\/p>\n\n\n\n<p>&nbsp;-Plusieurs placards de rangement<\/p>\n\n\n\n<p>-R\u00e9frig\u00e9rateur 235 Litres + Cong\u00e9lateur 74 Litres<\/p>\n\n\n\n<p>&nbsp;-Lave vaisselle ( Produit compris )<\/p>\n\n\n\n<p>&nbsp;-Lave linge \/ S\u00e8che linge<\/p>\n\n\n\n<p>&nbsp;-Assiettes + couverts<\/p>\n\n\n\n<p>-Bols<\/p>\n\n\n\n<p>&nbsp;-Four \u00e0 Micro-ondes<\/p>\n\n\n\n<p>&nbsp;-Four<\/p>\n\n\n\n<p>&nbsp;-Grille pain<\/p>\n\n\n\n<p>&nbsp;-Cafeti\u00e8re Sens\u00e9o ou Classique<\/p>\n\n\n\n<p>&nbsp;-Mixeur<\/p>\n\n\n\n<p>&nbsp;-Cocotte minute<\/p>\n\n\n\n<p>&nbsp;-Po\u00ebles + Po\u00eble \u00e0 cr\u00e8pe<\/p>\n\n\n\n<p>&nbsp;-Casseroles<\/p>\n\n\n\n<p>&nbsp;-Appareil \u00e0 raclette<\/p>\n\n\n\n<p>&nbsp;-Appareil \u00e0 fondue<\/p>\n\n\n\n<p>&nbsp;-Hachoir \u00e9lectrique<\/p>\n\n\n\n<p>&nbsp;-Bouilloire<\/p>\n\n\n\n<p>&#8230;<\/p>\n<\/div><\/div>\n\n\n\n<p><\/p>\n\n\n\n<p class=\"has-large-font-size\"><strong><em>SALLE DE BAIN<\/em><\/strong><\/p>\n\n\n\n<div class=\"wp-block-media-text alignwide has-media-on-the-right is-stacked-on-mobile\"><div class=\"wp-block-media-text__content\">\n<p>-1 Douche<\/p>\n\n\n\n<p>-1 S\u00e8che serviettes<\/p>\n\n\n\n<p>-1 Meuble<\/p>\n\n\n\n<p>-1 S\u00e8che cheveux<\/p>\n<\/div><figure class=\"wp-block-media-text__media\"><img loading=\"lazy\" decoding=\"async\" width=\"768\" height=\"1024\" src=\"https:\/\/leblanchot-lessaisies.fr\/index\/wp-content\/uploads\/2026\/01\/Salle-de-bain-2-768x1024.jpeg\" alt=\"\" class=\"wp-image-616 size-full\" srcset=\"https:\/\/leblanchot-lessaisies.fr\/index\/wp-content\/uploads\/2026\/01\/Salle-de-bain-2-768x1024.jpeg 768w, https:\/\/leblanchot-lessaisies.fr\/index\/wp-content\/uploads\/2026\/01\/Salle-de-bain-2-225x300.jpeg 225w, https:\/\/leblanchot-lessaisies.fr\/index\/wp-content\/uploads\/2026\/01\/Salle-de-bain-2-1152x1536.jpeg 1152w, https:\/\/leblanchot-lessaisies.fr\/index\/wp-content\/uploads\/2026\/01\/Salle-de-bain-2-1536x2048.jpeg 1536w, https:\/\/leblanchot-lessaisies.fr\/index\/wp-content\/uploads\/2026\/01\/Salle-de-bain-2-scaled.jpeg 1920w\" sizes=\"auto, (max-width: 767px) 89vw, (max-width: 1000px) 54vw, (max-width: 1071px) 543px, 580px\" \/><\/figure><\/div>\n\n\n\n<p class=\"has-large-font-size\"><strong><em>WC SEPARE<\/em><\/strong><\/p>\n\n\n\n<p class=\"has-large-font-size\"><strong><em>CHAMBRE<\/em><\/strong><\/p>\n\n\n\n<div class=\"wp-block-media-text alignwide is-stacked-on-mobile\"><figure class=\"wp-block-media-text__media\"><img loading=\"lazy\" decoding=\"async\" width=\"1024\" height=\"768\" src=\"https:\/\/leblanchot-lessaisies.fr\/index\/wp-content\/uploads\/2022\/11\/2022IMG_5713-1024x768.jpeg\" alt=\"\" class=\"wp-image-378 size-full\" srcset=\"https:\/\/leblanchot-lessaisies.fr\/index\/wp-content\/uploads\/2022\/11\/2022IMG_5713-1024x768.jpeg 1024w, https:\/\/leblanchot-lessaisies.fr\/index\/wp-content\/uploads\/2022\/11\/2022IMG_5713-300x225.jpeg 300w, https:\/\/leblanchot-lessaisies.fr\/index\/wp-content\/uploads\/2022\/11\/2022IMG_5713-768x576.jpeg 768w, https:\/\/leblanchot-lessaisies.fr\/index\/wp-content\/uploads\/2022\/11\/2022IMG_5713-1536x1152.jpeg 1536w, https:\/\/leblanchot-lessaisies.fr\/index\/wp-content\/uploads\/2022\/11\/2022IMG_5713-2048x1536.jpeg 2048w\" sizes=\"auto, (max-width: 767px) 89vw, (max-width: 1000px) 54vw, (max-width: 1071px) 543px, 580px\" \/><\/figure><div class=\"wp-block-media-text__content\">\n<p>-1 lit double (140&#215;190)<\/p>\n\n\n\n<p>-1 lit superpos\u00e9 (80&#215;190) &nbsp; &nbsp; &nbsp;<\/p>\n\n\n\n<p>-1 commode<\/p>\n\n\n\n<p>-3 Lampes de chevet<\/p>\n\n\n\n<p>-Prises \u00e9lectrique avec chargeurs Usb-c<\/p>\n<\/div><\/div>\n\n\n\n<p style=\"font-size:33px\"><strong><em>GRANDE PIECE DE VIE AVEC COIN REPAS<\/em><\/strong><\/p>\n\n\n\n<div class=\"wp-block-media-text alignwide has-media-on-the-right is-stacked-on-mobile is-image-fill-element\"><div class=\"wp-block-media-text__content\">\n<p>-Table avec rallonge int\u00e9gr\u00e9e + nappe<\/p>\n\n\n\n<p>-Chaises<\/p>\n\n\n\n<p>-Canap\u00e9 lit (140&#215;190) Rapido grand confort ( se plie et se replie tout simplement sans modifier la disposition de la pi\u00e8ce ). <strong>Matelas Neuf<\/strong><\/p>\n\n\n\n<p>-Jeux pour Enfants ( puissance 4 , jeux de l\u2019oie, petits chevaux, &#8230; )<\/p>\n\n\n\n<p>-Tv \u00e9cran plat avec lecteur DVD<\/p>\n\n\n\n<p>-Module TV Orange + NETFLIX<\/p>\n\n\n\n<p>-Vid\u00e9oth\u00e8que pour enfants<\/p>\n\n\n\n<p>-Enceinte Bluetooth JBL<\/p>\n\n\n\n<p>&#8230;<\/p>\n<\/div><figure class=\"wp-block-media-text__media\"><img loading=\"lazy\" decoding=\"async\" width=\"1024\" height=\"615\" src=\"https:\/\/leblanchot-lessaisies.fr\/index\/wp-content\/uploads\/2024\/12\/cropped-IMG_8072-scaled-1-1024x615.jpeg\" alt=\"\" class=\"wp-image-536 size-full\" style=\"object-position:57% 44%\" srcset=\"https:\/\/leblanchot-lessaisies.fr\/index\/wp-content\/uploads\/2024\/12\/cropped-IMG_8072-scaled-1-1024x615.jpeg 1024w, https:\/\/leblanchot-lessaisies.fr\/index\/wp-content\/uploads\/2024\/12\/cropped-IMG_8072-scaled-1-300x180.jpeg 300w, https:\/\/leblanchot-lessaisies.fr\/index\/wp-content\/uploads\/2024\/12\/cropped-IMG_8072-scaled-1-768x461.jpeg 768w, https:\/\/leblanchot-lessaisies.fr\/index\/wp-content\/uploads\/2024\/12\/cropped-IMG_8072-scaled-1-1536x922.jpeg 1536w, https:\/\/leblanchot-lessaisies.fr\/index\/wp-content\/uploads\/2024\/12\/cropped-IMG_8072-scaled-1.jpeg 2000w\" sizes=\"auto, (max-width: 767px) 89vw, (max-width: 1000px) 54vw, (max-width: 1071px) 543px, 580px\" \/><\/figure><\/div>\n\n\n\n<p>Pour Internet, l\u2019appartement est \u00e9quip\u00e9 du Wifi gratuit.&nbsp;<\/p>\n\n\n\n<p>Un casier \u00e0 ski priv\u00e9 et un garage \u00e0 v\u00e9los sont \u00e0 votre disposition.&nbsp;<\/p>\n\n\n\n<div class=\"wp-block-columns is-layout-flex wp-container-core-columns-is-layout-9d6595d7 wp-block-columns-is-layout-flex\">\n<div class=\"wp-block-column is-layout-flow wp-block-column-is-layout-flow\">\n<figure class=\"wp-block-image size-full\"><img decoding=\"async\" src=\"https:\/\/leblanchot-lessaisies.fr\/index\/wp-content\/uploads\/2025\/01\/IMG_0998.heic\" alt=\"\" class=\"wp-image-566\"\/><\/figure>\n<\/div>\n\n\n\n<div class=\"wp-block-column is-layout-flow wp-block-column-is-layout-flow\">\n<p class=\"has-white-color has-black-background-color has-text-color has-background has-link-color wp-elements-e65e9adf7d308b488ee68a24e63243d7\"><strong>NOUVEAUTE 2026 :<\/strong><\/p>\n\n\n\n<p>Un casier, chauff\u00e9 et ventil\u00e9, vous est r\u00e9serv\u00e9 au pied des pistes de ski. Plus besoin de transport\u00e9 votre \u00e9quipement, il vous attends bien au chaud.<\/p>\n\n\n<div class=\"wp-block-image\">\n<figure class=\"aligncenter size-full is-resized\"><img decoding=\"async\" src=\"https:\/\/leblanchot-lessaisies.fr\/index\/wp-content\/uploads\/2025\/01\/IMG_0999.heic\" alt=\"\" class=\"wp-image-564\" style=\"width:154px;height:auto\"\/><\/figure>\n<\/div><\/div>\n<\/div>\n\n\n\n<p>Le G\u00eete id\u00e9al pour vos vacances d\u2019\u00e9t\u00e9 et d\u2019hiver au c\u0153ur d\u2019une station familiale et dynamique. Beaucoup d\u2019animation sont organis\u00e9es toute l\u2019ann\u00e9e.<\/p>\n\n\n\n<p>Nous vous proposons des options pour faciliter votre s\u00e9jour:<\/p>\n\n\n\n<p>*kit b\u00e9b\u00e9 avec lit parapluie, transat et chaise haute&nbsp;<\/p>\n\n\n\n<p>*option \u00ablit fait\u00bb \u00e0 votre arriv\u00e9e.&nbsp;<\/p>\n\n\n\n<p>L&rsquo;appartement n&rsquo;est pas \u00e9quip\u00e9 PMR.<\/p>\n","protected":false},"excerpt":{"rendered":"<p>Situ\u00e9 au coeur de la station des Saisies, cet appartement vous offrira une belle vue sur les massifs gr\u00e2ce \u00e0 son balcon filant expos\u00e9 plein sud. L\u2019appartement se situe au 1er \u00e9tage de la r\u00e9sidence Isabella B \u00e0 50m des commerces, en face des \u00e9coles de ski ESF et ESI et des caisses de forfaits. &hellip; <\/p>\n<p class=\"link-more\"><a href=\"https:\/\/leblanchot-lessaisies.fr\/index\/descriptif-de-lappartement\/\" class=\"more-link\">Continuer la lecture<span class=\"screen-reader-text\"> de &laquo;&nbsp;Descriptif de l&rsquo;appartement&nbsp;&raquo;<\/span><\/a><\/p>\n","protected":false},"author":1,"featured_media":0,"parent":0,"menu_order":0,"comment_status":"closed","ping_status":"closed","template":"","meta":{"footnotes":""},"class_list":["post-72","page","type-page","status-publish","hentry"],"_links":{"self":[{"href":"https:\/\/leblanchot-lessaisies.fr\/index\/wp-json\/wp\/v2\/pages\/72","targetHints":{"allow":["GET"]}}],"collection":[{"href":"https:\/\/leblanchot-lessaisies.fr\/index\/wp-json\/wp\/v2\/pages"}],"about":[{"href":"https:\/\/leblanchot-lessaisies.fr\/index\/wp-json\/wp\/v2\/types\/page"}],"author":[{"embeddable":true,"href":"https:\/\/leblanchot-lessaisies.fr\/index\/wp-json\/wp\/v2\/users\/1"}],"replies":[{"embeddable":true,"href":"https:\/\/leblanchot-lessaisies.fr\/index\/wp-json\/wp\/v2\/comments?post=72"}],"version-history":[{"count":15,"href":"https:\/\/leblanchot-lessaisies.fr\/index\/wp-json\/wp\/v2\/pages\/72\/revisions"}],"predecessor-version":[{"id":619,"href":"https:\/\/leblanchot-lessaisies.fr\/index\/wp-json\/wp\/v2\/pages\/72\/revisions\/619"}],"wp:attachment":[{"href":"https:\/\/leblanchot-lessaisies.fr\/index\/wp-json\/wp\/v2\/media?parent=72"}],"curies":[{"name":"wp","href":"https:\/\/api.w.org\/{rel}","templated":true}]}}